{"id":1215,"date":"2018-02-03T18:25:06","date_gmt":"2018-02-03T16:25:06","guid":{"rendered":"http:\/\/preussisch-stroehen.de\/wp\/?page_id=1215"},"modified":"2019-12-29T10:29:16","modified_gmt":"2019-12-29T10:29:16","slug":"preussisch-stroeher-dorfnews","status":"publish","type":"page","link":"https:\/\/preussisch-stroehen.de\/web\/preussisch-stroeher-dorfnews\/","title":{"rendered":"Preu\u00dfisch Str\u00f6her Dorfnews"},"content":{"rendered":"<p>M\u00f6chtest auch du Neuigkeiten aus Preu\u00dfisch Str\u00f6hen auf keinen Fall verpassen? Dann werde Teil von unserer neuen <strong>Whatsapp-Gruppe<\/strong>.<\/p>\n<p>Diese Gruppe soll keinesfalls eine reine Informationsplattform sein, sondern steht allen zur Verf\u00fcgung, um:<\/p>\n<ul>\n<li>eigene Veranstaltungen zu ver\u00f6ffentlichen<\/li>\n<li>Neuigkeiten zu verbreiten<\/li>\n<li>Fragen zu stellen<\/li>\n<li>oder f\u00fcr viele weitere Dinge<\/li>\n<\/ul>\n<p>Alle Mitglieder sind herzlich dazu eingeladen sich einzubringen und dem ganzen Chat durch Fragen und Antworten Leben einzuhauchen&#8230;<\/p>\n<p><a href=\"http:\/\/bit.ly\/2GKtkoI\"><img loading=\"lazy\" decoding=\"async\" class=\"alignnone wp-image-1219 size-full\" src=\"http:\/\/preussisch-stroehen.de\/wp\/wp-content\/uploads\/2018\/02\/whatsapp_logo.png\" alt=\"\" width=\"64\" height=\"64\" \/><\/a><\/p>\n<p>Solltest du dich sp\u00e4ter dazu entscheiden, doch nicht mehr in der Gruppe sein zu wollen, kannst du dich einfach in deinen Whatsapp-Einstellungen wieder abmelden.<\/p>\n<p>Bei Fragen dazu nehme bitte <a href=\"http:\/\/preussisch-stroehen.de\/wp\/kontakt\/\">Kontakt<\/a> mit uns auf.<\/p>\n","protected":false},"excerpt":{"rendered":"<p>M\u00f6chtest auch du Neuigkeiten aus Preu\u00dfisch Str\u00f6hen auf keinen Fall verpassen? Dann werde Teil von unserer neuen Whatsapp-Gruppe. Diese Gruppe soll keinesfalls eine reine Informationsplattform sein, sondern steht allen zur Verf\u00fcgung, um: eigene Veranstaltungen zu ver\u00f6ffentlichen Neuigkeiten zu verbreiten Fragen zu stellen oder f\u00fcr viele weitere Dinge Alle Mitglieder sind herzlich dazu eingeladen sich einzubringen [&hellip;]<\/p>\n","protected":false},"author":1,"featured_media":0,"parent":0,"menu_order":0,"comment_status":"closed","ping_status":"closed","template":"","meta":{"footnotes":""},"class_list":["post-1215","page","type-page","status-publish","hentry","post-preview"],"jetpack_sharing_enabled":true,"_links":{"self":[{"href":"https:\/\/preussisch-stroehen.de\/web\/wp-json\/wp\/v2\/pages\/1215","targetHints":{"allow":["GET"]}}],"collection":[{"href":"https:\/\/preussisch-stroehen.de\/web\/wp-json\/wp\/v2\/pages"}],"about":[{"href":"https:\/\/preussisch-stroehen.de\/web\/wp-json\/wp\/v2\/types\/page"}],"author":[{"embeddable":true,"href":"https:\/\/preussisch-stroehen.de\/web\/wp-json\/wp\/v2\/users\/1"}],"replies":[{"embeddable":true,"href":"https:\/\/preussisch-stroehen.de\/web\/wp-json\/wp\/v2\/comments?post=1215"}],"version-history":[{"count":9,"href":"https:\/\/preussisch-stroehen.de\/web\/wp-json\/wp\/v2\/pages\/1215\/revisions"}],"predecessor-version":[{"id":2463,"href":"https:\/\/preussisch-stroehen.de\/web\/wp-json\/wp\/v2\/pages\/1215\/revisions\/2463"}],"wp:attachment":[{"href":"https:\/\/preussisch-stroehen.de\/web\/wp-json\/wp\/v2\/media?parent=1215"}],"curies":[{"name":"wp","href":"https:\/\/api.w.org\/{rel}","templated":true}]}}