{"id":1238,"date":"2018-02-05T07:47:48","date_gmt":"2018-02-05T06:47:48","guid":{"rendered":"http:\/\/preussisch-stroehen.de\/wp\/?page_id=1238"},"modified":"2025-11-22T19:35:58","modified_gmt":"2025-11-22T19:35:58","slug":"preussisch-stroeher-dorfkalender","status":"publish","type":"page","link":"https:\/\/preussisch-stroehen.de\/web\/preussisch-stroeher-dorfkalender\/","title":{"rendered":"Preu\u00dfisch Str\u00f6her Dorfkalender"},"content":{"rendered":"<p>Der neue Dorfkalender f\u00fcr das <strong>Jahr 2026<\/strong> steht ab sofort hier zum download bereit.<\/p>\n<blockquote><p><a href=\"https:\/\/preussisch-stroehen.de\/web\/downloads\/Jan-Jun26.pdf\">Hier klicken f\u00fcr den Kalender <strong>Januar bis Juni 2026<\/strong><\/a><\/p>\n<p><a href=\"https:\/\/preussisch-stroehen.de\/web\/downloads\/Jul-Dez26.pdf\">Hier klicken f\u00fcr den Kalender <strong>Juli bis Dezember 2026<\/strong><\/a><\/p><\/blockquote>\n<h4>Dorfkalender f\u00fcr dein Smartphone<\/h4>\n<p>Es gibt den Dorfkalender auch als Link zum Abonnieren f\u00fcr dein Smartphone oder \u00e4hnliches. So bist du \u00fcberall auf den laufenden Stand. Termine werden aktualisiert und es sind soweit bekannt auch weitere Infos vorhanden.<\/p>\n<p>Der Dorfkalender wurde in <strong>zwei Kalender<\/strong> aufgeteilt.<\/p>\n<p>Einmal gibt es den Dorfkalender mit <strong>allen Terminen<\/strong>, die in unseren Dorf veranstaltet werden. Zum anderen sind die <strong>Abfallentsorgungstermine<\/strong> in einem separaten Kalender verf\u00fcgbar.<\/p>\n<p>Das abonnieren des Kalenders ist abh\u00e4ngig vom Betriebssystem deines Smartphone (<strong>iOS, Android<\/strong>) oder PCs bzw. anderen Softwareprogrammen.<\/p>\n<p>Im Folgenden sind f\u00fcr die Betriebssysteme iOS, Android und Windows Anleitungen, wie die Kalender eingebunden werden k\u00f6nnen.<\/p>\n<p><strong>Achtung:<br \/>\n<\/strong>Die Kalenderlinks aus <span style=\"color: #ff0000;\">2018 sind nicht mehr aktuell<\/span>, bitte die Abos l\u00f6schen!<\/p>\n<p><strong>Weiteres:<br \/>\n<\/strong>Es besteht die M\u00f6glichkeit auch Links in die Termine einzupflegen oder andere n\u00fctzliche Informationen.<\/p>\n<h4><strong>iOS-Nutzer (iPhone, iPad etc.)<\/strong><\/h4>\n<p>Link zum Dorfkalender:<\/p>\n<p><a href=\"https:\/\/calendar.google.com\/calendar\/ical\/fgos7oie728dfgqd31suvmnl1c%40group.calendar.google.com\/private-91923b401602e4ae0783bc79cfaf8b23\/basic.ics\"><strong>https:\/\/calendar.google.com\/calendar\/ical\/fgos7oie728dfgqd31suvmnl1c%40group.calendar.google.com\/private-91923b401602e4ae0783bc79cfaf8b23\/basic.ics<\/strong><\/a><\/p>\n<p>Link zu den Abfallentsorgungstermine:<\/p>\n<p><a href=\"https:\/\/calendar.google.com\/calendar\/ical\/mt9so4embh0ofn95509m2kgujo%40group.calendar.google.com\/private-84f1f63bd81159b0b330e43a266af2f2\/basic.ics\"><strong>https:\/\/calendar.google.com\/calendar\/ical\/mt9so4embh0ofn95509m2kgujo%40group.calendar.google.com\/private-84f1f63bd81159b0b330e43a266af2f2\/basic.ics<\/strong><\/a><\/p>\n<p>1.\u00a0\u00a0\u00a0\u00a0\u00a0\u00a0 Den Link des jeweiligen Kalenders kopieren.<br \/>\n2.\u00a0\u00a0\u00a0\u00a0\u00a0\u00a0 Danach unter Einstellungen Passw\u00f6rter &amp; Accounts Kalenderabo hinzuf\u00fcgen<br \/>\n3.\u00a0\u00a0\u00a0\u00a0\u00a0\u00a0 Den Link dort einf\u00fcgen<br \/>\n4.\u00a0\u00a0\u00a0\u00a0\u00a0\u00a0 Fertig<\/p>\n<h4><strong>Android-Nutzer<\/strong> -&gt; Achtung:<\/h4>\n<p>Android-Nutzer sollten aufpassen. Sie sollten hier nicht auf die Links klicken oder die Links versuchen in irgendwelcher weise zu \u00f6ffnen. Dies ist nicht der richtige Weg.<\/p>\n<p>Dadurch werdet ihr nur Kopien der Kalendereintr\u00e4ge in euren Kalender speichern. Ihr bekommt keine Aktualisierungen und ihr k\u00f6nnt auch nicht die Kalendereintr\u00e4ge Ein-\/Ausblenden.<\/p>\n<p>Der richtige Weg:<\/p>\n<p>Damit die Dorftermine und Abfallentsorgungstermine automatisch im Kalender Ihres Android-Smartphones erscheinen, m\u00fcssen die iCal-Kalender zum Online-Google-Kalender hinzuf\u00fcgen. Dazu wird ein Google-Konto ben\u00f6tigt, welches in der Regel bei der Erstinbetriebnahme des Smartphones angelegt wird. Das Smartphone synchronisiert sich regelm\u00e4\u00dfig mit dem Online-Google-Kalender und holt sich dann so auch die Termine aus dem Dorfkalender und dem Abfallentsorgungskalender.<\/p>\n<p>Sollten noch kein Google-Konto vorhanden sein, muss vorher eines erstellen und dieses zu den Konten auf dem Smartphone hinzugef\u00fcgt werden. Am einfachsten ist es, daf\u00fcr den Einrichtungs-Assistenten von Android zu verwenden.<\/p>\n<p>1.\u00a0\u00a0\u00a0\u00a0\u00a0\u00a0 Kopiere den jeweiligen Link zu dem Kalender in die Zwischenablage (Markieren und Kopieren)<\/p>\n<p>Link zum Dorfkalender:<br \/>\n<strong>https:\/\/calendar.google.com\/calendar\/ical\/fgos7oie728dfgqd31suvmnl1c%40group.calendar.google.com\/private-91923b401602e4ae0783bc79cfaf8b23\/basic.ics<\/strong><br \/>\nLink zu den Abfallentsorgungstermine:<br \/>\n<strong>https:\/\/calendar.google.com\/calendar\/ical\/mt9so4embh0ofn95509m2kgujo%40group.calendar.google.com\/private-84f1f63bd81159b0b330e43a266af2f2\/basic.ics<\/strong><\/p>\n<p>2.\u00a0\u00a0\u00a0\u00a0\u00a0\u00a0 Logge dich auf Ihrem PC mit dem Google-Konto (z.B. max.muster@googlemail.com) hier in den Google-Kalender ein:<br \/>\n<a href=\"https:\/\/www.google.com\/calendar\/render?hl=de\"><strong>https:\/\/www.google.com\/calendar<\/strong><\/a><\/p>\n<p>3.\u00a0\u00a0\u00a0\u00a0\u00a0\u00a0 Klicken Sie auf den kleinen Pfeil rechts neben &#8222;Weitere Kalender&#8220;:<\/p>\n<p>4. W\u00e4hlen Sie in dem Men\u00fc &#8222;\u00dcber URL hinzuf\u00fcgen&#8220;:<\/p>\n<p>5. F\u00fcge die Internetwebadresse ein, die in Schritt 4 kopiert wurde, indem <strong>STRG+V<\/strong> gedr\u00fcckt wird:<\/p>\n<p>(Bitte nicht den Haken bei \u201eDen Kalender \u00f6ffentlich machen\u201c setzen.)<\/p>\n<p>6. Fertig! (Evtl. m\u00fcssen in den &#8222;Konten- &amp; Synchronisierungs-Einstellungen&#8220; des Android-Smartphones noch der Google-Account und dort speziell den Kalender aktiviert werden)<\/p>\n<p>Die Termine werden nun automatisch in den Kalender \u00fcbernommen, sobald diese auf unserer Webseite eingetragen werden.<\/p>\n<p>Die Kalender k\u00f6nnen auch in jede andere Software (Microsoft Outlook, Thunderbird, \u2026). Eine genaue Anleitung muss hier aber leider jeder selber im Internet suchen.<\/p>\n<p>Hier noch einmal die Links in Klarschrift:<\/p>\n<p>Link zum Dorfkalender:<br \/>\n<a href=\"https:\/\/calendar.google.com\/calendar\/ical\/fgos7oie728dfgqd31suvmnl1c%40group.calendar.google.com\/private-91923b401602e4ae0783bc79cfaf8b23\/basic.ics\"><strong>https:\/\/calendar.google.com\/calendar\/ical\/fgos7oie728dfgqd31suvmnl1c%40group.calendar.google.com\/private-91923b401602e4ae0783bc79cfaf8b23\/basic.ics<\/strong><\/a><\/p>\n<p>Link zu den Abfallentsorgungstermine:<br \/>\n<a href=\"https:\/\/calendar.google.com\/calendar\/ical\/mt9so4embh0ofn95509m2kgujo%40group.calendar.google.com\/private-84f1f63bd81159b0b330e43a266af2f2\/basic.ics\"><strong>https:\/\/calendar.google.com\/calendar\/ical\/mt9so4embh0ofn95509m2kgujo%40group.calendar.google.com\/private-84f1f63bd81159b0b330e43a266af2f2\/basic.ics<\/strong><\/a><\/p>\n<h4>Terminvorschl\u00e4ge???<\/h4>\n<p>Ihr habt noch Veranstaltungen, die in den Terminkalender mit aufgenommen werden sollen? Dann schickt uns den <strong>Terminvorschlag<\/strong> bitte \u00fcber das Formular<\/p>\n<div data-test='contact-form'\n\t\t\tid='contact-form-1238'\n\t\t\tclass='wp-block-jetpack-contact-form-container '\n\t\t\tdata-wp-interactive='jetpack\/form' data-wp-context='{\"formId\":\"1238\",\"formHash\":\"117effce598957f0d236752efdad7f09f066a72b\",\"showErrors\":false,\"errors\":[],\"fields\":[],\"isMultiStep\":false,\"useAjax\":true,\"submissionData\":null,\"formattedSubmissionData\":[],\"submissionSuccess\":false,\"submissionError\":null,\"elementId\":\"jp-form-117effce598957f0d236752efdad7f09f066a72b\",\"isSingleInputForm\":false}'\n\t\t\tdata-wp-watch--scroll-to-wrapper=\"callbacks.scrollToWrapper\"\n\t\t>\n<div class=\"contact-form-submission contact-form-ajax-submission\" data-wp-class--submission-success=\"context.submissionSuccess\"><p class=\"go-back-message\"><a class=\"link\" role=\"button\" tabindex=\"0\" data-wp-on--click=\"actions.goBack\" href=\"\/web\/wp-json\/wp\/v2\/pages\/1238\">Zur\u00fcck<\/a><\/p><h4 id=\"contact-form-success-header\">Deine Nachricht wurde gesendet<\/h4>\n\n<template data-wp-each--submission=\"context.formattedSubmissionData\">\n\t\t\t\t\t<div class=\"jetpack_forms_contact-form-success-summary\">\n\t\t\t\t\t\t<div class=\"field-name\" data-wp-text=\"context.submission.label\" data-wp-bind--hidden=\"!context.submission.label\"><\/div>\n\t\t\t\t\t\t<div class=\"field-value\" data-wp-text=\"context.submission.value\"><\/div>\n\t\t\t\t\t\t<div class=\"field-images\" data-wp-bind--hidden=\"!context.submission.images\">\n\t\t\t\t\t\t\t<template data-wp-each--image=\"context.submission.images\">\n\t\t\t\t\t\t\t\t<figure class=\"field-image\" data-wp-class--is-empty=\"!context.image\">\n\t\t\t\t\t\t\t\t\t<img data-wp-bind--src=\"context.image\" data-wp-bind--hidden=\"!context.image\" \/>\n\t\t\t\t\t\t\t\t\t<img decoding=\"async\" src=\"data:image\/gif;base64,R0lGODlhAQABAAD\/ACwAAAAAAQABAAACADs=\" data-wp-bind--hidden=\"context.image\" \/>\n\t\t\t\t\t\t\t\t<\/figure>\n\t\t\t\t\t\t\t<\/template>\n\t\t\t\t\t\t<\/div>\n\t\t\t\t\t<\/div>\n\t\t\t\t<\/template><\/div><form action='https:\/\/preussisch-stroehen.de\/web\/preussisch-stroeher-dorfkalender\/'\n\t\t\t\tid='jp-form-117effce598957f0d236752efdad7f09f066a72b'\n\t\t\t\tmethod='post'\n\t\t\t\tclass='contact-form commentsblock' aria-label=\"Preu\u00dfisch Str\u00f6her Dorfkalender\"\n\t\t\t\tdata-wp-on--submit=\"actions.onFormSubmit\"\n\t\t\t\tdata-wp-on--reset=\"actions.onFormReset\"\n\t\t\t\tdata-wp-class--submission-success=\"context.submissionSuccess\"\n\t\t\t\tdata-wp-class--is-first-step=\"state.isFirstStep\"\n\t\t\t\tdata-wp-class--is-last-step=\"state.isLastStep\"\n\t\t\t\tdata-wp-class--is-ajax-form=\"context.useAjax\"\n\t\t\t\tnovalidate >\n<input type='hidden' name='jetpack_contact_form_jwt' value='eyJ0eXAiOiJKV1QiLCJhbGciOiJIUzI1NiJ9.eyJlbmNyeXB0ZWRfYXR0cmlidXRlcyI6ImNESStJUTUzcU05bmpCVlhKR2RUdFE1d041clBsTy9Ra2lKTEtBcGNLZnBWZ3JTQ2UzeGV1Ry9RakVZbXlxcXhISjBzSUtEeUpISkFaRGltdlgrUEQwT3ZiMzNUMm5yai9nVzZRbEREMkdsZDdUMy9hbjlEK3FrYjJJQVNiTWFXbTlHVlpxUWNQYUNyRVVyY3I0UzZ2bFhJSFJEVGdHMjdCZUUwN1VSZStlRGdicWFWNHNtNTZIaXVPQXdCbi82Yk5PVVNMc3N2WFlMUGJ1UURJcWJweC9MaTFyLzQxOUwyUnBmTEg2UDcvckJlOG92ekFXNm9reGhrajl2MWhSQnM2TTluVW9iOUd0NkZSakhVanJCeGZ3MHp5NmNQazJydUtlZTFpT1RHMkx2REdmK0JTV2YrNU16T0tiN09qTVFyMWxYcTJ6SEx4N2hjbWYyZGlxbGxReWNSQ3luNHVjTENSY0cxbHArcXVHUW0zQmlPMTB6VjY2RVZnc3lVMWczTjkxS2x6dWtVMWtUUCt1NjJOZGY4Y0FGZ1pCbDVaZUZ5M3NlUnhCLyt1bnl1Y0d3d0dvalFxZzBZVWUrVWZ5VVR5eVB3Q2g1Q21iNlpaWW9lWkpQNjFKczNZTzVvSkg5TWtXdHhLM2JvVGN1NDVINERIVTh5ZHJtelB1N1JuSHBoM1V4Mlphd0FqQ1JlQnlGakZ6clBGYnBTa0YwMkNhZ2pqeEJoOUhsWWo3cW8rNVE0TWtVNnhncEdUMWxZR0hCamdLMnNEQXkxazFmSlJqR2d2MHkrSXB4TWkyaUM4ZG5lUXlHKzVKY0hsQlBPNUFzYVBqVVgrNFNsQkF5WWpwaVcvSnkrQTkwajRhM0xQdnlUenE5OTVIQ0lUSk1vNUFxeWRQaDBJaUxCek9CbVp5QmxmcGhOUHhmQnJYcHZ2V3JjZE05dHhuejZJdUhNMGV0N3d5QkpEL3JoM0poVzJibjlFL0MzYUJpMUNFSW5TYWRxb0NEcUk4NGZ5WFdmSllPY21qMkNWaVdxRitLbnFrdkVMODc5RHZaQlZQUkQzaXRiZzlreHhOMFVUUEZRSHpMUXdlbi9lSllFUnFabHFWcDNqZ0ZUSHdwUG5uTzBsbGxJenRJSVozU3UyYW1LT01rUmR5R0ZBT3NMSXZ1TW00dVd2blViQlBoa1AyNnJsaU1yaGhQc3hjeTdUNTNaTnA0byIsImNvbnRlbnQiOiJbY29udGFjdC1maWVsZCBsYWJlbD1cIk5hbWVcIiB0eXBlPVwibmFtZVwiIHJlcXVpcmVkPVwiMVwiXVtjb250YWN0LWZpZWxkIGxhYmVsPVwiRS1NYWlsIFwiIHR5cGU9XCJlbWFpbFwiIHJlcXVpcmVkPVwiMVwiXVtjb250YWN0LWZpZWxkIGxhYmVsPVwiTmFjaHJpY2h0XCIgdHlwZT1cInRleHRhcmVhXCIgcmVxdWlyZWQ9XCIxXCJdIiwiaGFzaCI6IjExN2VmZmNlNTk4OTU3ZjBkMjM2NzUyZWZkYWQ3ZjA5ZjA2NmE3MmIiLCJzb3VyY2UiOnsiZW50cnlfdGl0bGUiOiJQcmV1XHUwMGRmaXNjaCBTdHJcdTAwZjZoZXIgRG9yZmthbGVuZGVyIiwiZW50cnlfcGFnZSI6MSwic291cmNlX2lkIjoxMjM4LCJzb3VyY2VfdHlwZSI6InNpbmdsZSIsInJlcXVlc3RfdXJsIjoiaHR0cHM6Ly9wcmV1c3Npc2NoLXN0cm9laGVuLmRlL3dlYi93cC1qc29uL3dwL3YyL3BhZ2VzLzEyMzgifSwidmVyc2lvbiI6MiwiY2lwaGVyIjoiYWVzLTI1Ni1nY20ifQ.d4_IM40utFZtytkYtJo6NjYGPk9kx-kAOG2RW8LrgOI' \/>\n\n<div style=\"\"  data-wp-interactive=\"jetpack\/form\" data-wp-context='{\"fieldId\":\"g1238-name\",\"fieldType\":\"name\",\"fieldLabel\":\"Name\",\"fieldValue\":\"\",\"fieldPlaceholder\":\"\",\"fieldIsRequired\":\"1\",\"fieldErrorMessage\":\"\",\"fieldExtra\":[],\"formHash\":\"117effce598957f0d236752efdad7f09f066a72b\"}'  class='grunion-field-name-wrap grunion-field-wrap'  data-wp-init='callbacks.initializeField' data-wp-on--jetpack-form-reset='callbacks.initializeField' >\n<label\n\t\t\t\tfor='g1238-name' class=\"grunion-field-label name\" >Name<span class=\"grunion-label-required\" aria-hidden=\"true\">(erforderlich)<\/span><\/label>\n<input\n\t\t\t\t\ttype='text'\n\t\t\t\t\tname='g1238-name'\n\t\t\t\t\tid='g1238-name'\n\t\t\t\t\tvalue=''\n\n\t\t\t\t\tdata-wp-bind--aria-invalid='state.fieldHasErrors'\n\t\t\t\t\tdata-wp-bind--value='state.getFieldValue'\n\t\t\t\t\taria-errormessage='g1238-name-text-error-message'\n\t\t\t\t\tdata-wp-on--input='actions.onFieldChange'\n\t\t\t\t\tdata-wp-on--blur='actions.onFieldBlur'\n\t\t\t\t\tdata-wp-class--has-value='state.hasFieldValue'\n\n\t\t\t\t\tclass='name  grunion-field' \n\t\t\t\t\trequired='true' aria-required='true'  \/>\n \n\t\t\t<div id=\"g1238-name-text-error\" class=\"contact-form__input-error\" data-wp-class--has-errors=\"state.fieldHasErrors\">\n\t\t\t\t<span class=\"contact-form__warning-icon\">\n\t\t\t\t\t<svg width=\"16\" height=\"16\" viewBox=\"0 0 16 16\" fill=\"none\" xmlns=\"http:\/\/www.w3.org\/2000\/svg\">\n\t\t\t\t\t\t<path d=\"M8.50015 11.6402H7.50015V10.6402H8.50015V11.6402Z\" \/>\n\t\t\t\t\t\t<path d=\"M7.50015 9.64018H8.50015V6.30684H7.50015V9.64018Z\" \/>\n\t\t\t\t\t\t<path fill-rule=\"evenodd\" clip-rule=\"evenodd\" d=\"M6.98331 3.0947C7.42933 2.30177 8.57096 2.30177 9.01698 3.09469L13.8771 11.7349C14.3145 12.5126 13.7525 13.4735 12.8602 13.4735H3.14004C2.24774 13.4735 1.68575 12.5126 2.12321 11.7349L6.98331 3.0947ZM8.14541 3.58496C8.08169 3.47168 7.9186 3.47168 7.85488 3.58496L2.99478 12.2251C2.93229 12.3362 3.01257 12.4735 3.14004 12.4735H12.8602C12.9877 12.4735 13.068 12.3362 13.0055 12.2251L8.14541 3.58496Z\" \/>\n\t\t\t\t\t<\/svg>\n\t\t\t\t\t<span class=\"visually-hidden\">Warnung<\/span>\n\t\t\t\t<\/span>\n\t\t\t\t<span data-wp-text=\"state.errorMessage\" id=\"g1238-name-text-error-message\" role=\"alert\" aria-live=\"assertive\"><\/span>\n\t\t\t<\/div> \n\t<\/div>\n\n<div style=\"\"  data-wp-interactive=\"jetpack\/form\" data-wp-context='{\"fieldId\":\"g1238-email\",\"fieldType\":\"email\",\"fieldLabel\":\"E-Mail \",\"fieldValue\":\"\",\"fieldPlaceholder\":\"\",\"fieldIsRequired\":\"1\",\"fieldErrorMessage\":\"\",\"fieldExtra\":[],\"formHash\":\"117effce598957f0d236752efdad7f09f066a72b\"}'  class='grunion-field-email-wrap grunion-field-wrap'  data-wp-init='callbacks.initializeField' data-wp-on--jetpack-form-reset='callbacks.initializeField' >\n<label\n\t\t\t\tfor='g1238-email' class=\"grunion-field-label email\" >E-Mail <span class=\"grunion-label-required\" aria-hidden=\"true\">(erforderlich)<\/span><\/label>\n<input\n\t\t\t\t\ttype='email'\n\t\t\t\t\tname='g1238-email'\n\t\t\t\t\tid='g1238-email'\n\t\t\t\t\tvalue=''\n\n\t\t\t\t\tdata-wp-bind--aria-invalid='state.fieldHasErrors'\n\t\t\t\t\tdata-wp-bind--value='state.getFieldValue'\n\t\t\t\t\taria-errormessage='g1238-email-email-error-message'\n\t\t\t\t\tdata-wp-on--input='actions.onFieldChange'\n\t\t\t\t\tdata-wp-on--blur='actions.onFieldBlur'\n\t\t\t\t\tdata-wp-class--has-value='state.hasFieldValue'\n\n\t\t\t\t\tclass='email  grunion-field' \n\t\t\t\t\trequired='true' aria-required='true'  \/>\n \n\t\t\t<div id=\"g1238-email-email-error\" class=\"contact-form__input-error\" data-wp-class--has-errors=\"state.fieldHasErrors\">\n\t\t\t\t<span class=\"contact-form__warning-icon\">\n\t\t\t\t\t<svg width=\"16\" height=\"16\" viewBox=\"0 0 16 16\" fill=\"none\" xmlns=\"http:\/\/www.w3.org\/2000\/svg\">\n\t\t\t\t\t\t<path d=\"M8.50015 11.6402H7.50015V10.6402H8.50015V11.6402Z\" \/>\n\t\t\t\t\t\t<path d=\"M7.50015 9.64018H8.50015V6.30684H7.50015V9.64018Z\" \/>\n\t\t\t\t\t\t<path fill-rule=\"evenodd\" clip-rule=\"evenodd\" d=\"M6.98331 3.0947C7.42933 2.30177 8.57096 2.30177 9.01698 3.09469L13.8771 11.7349C14.3145 12.5126 13.7525 13.4735 12.8602 13.4735H3.14004C2.24774 13.4735 1.68575 12.5126 2.12321 11.7349L6.98331 3.0947ZM8.14541 3.58496C8.08169 3.47168 7.9186 3.47168 7.85488 3.58496L2.99478 12.2251C2.93229 12.3362 3.01257 12.4735 3.14004 12.4735H12.8602C12.9877 12.4735 13.068 12.3362 13.0055 12.2251L8.14541 3.58496Z\" \/>\n\t\t\t\t\t<\/svg>\n\t\t\t\t\t<span class=\"visually-hidden\">Warnung<\/span>\n\t\t\t\t<\/span>\n\t\t\t\t<span data-wp-text=\"state.errorMessage\" id=\"g1238-email-email-error-message\" role=\"alert\" aria-live=\"assertive\"><\/span>\n\t\t\t<\/div> \n\t<\/div>\n\n<div style=\"\"  data-wp-interactive=\"jetpack\/form\" data-wp-context='{\"fieldId\":\"g1238-nachricht\",\"fieldType\":\"textarea\",\"fieldLabel\":\"Nachricht\",\"fieldValue\":\"\",\"fieldPlaceholder\":\"\",\"fieldIsRequired\":\"1\",\"fieldErrorMessage\":\"\",\"fieldExtra\":[],\"formHash\":\"117effce598957f0d236752efdad7f09f066a72b\"}'  class='grunion-field-textarea-wrap grunion-field-wrap'  data-wp-init='callbacks.initializeField' data-wp-on--jetpack-form-reset='callbacks.initializeField' >\n<label\n\t\t\t\tfor='contact-form-comment-g1238-nachricht' class=\"grunion-field-label textarea\" >Nachricht<span class=\"grunion-label-required\" aria-hidden=\"true\">(erforderlich)<\/span><\/label>\n<textarea\n\t\t                style=''\n\t\t                name='g1238-nachricht'\n\t\t                id='contact-form-comment-g1238-nachricht'\n\t\t                rows='20'\n\t\t\t\t\t\tdata-wp-text='state.getFieldValue'\n\t\t\t\t\t\tdata-wp-on--input='actions.onFieldChange'\n\t\t\t\t\t\tdata-wp-on--blur='actions.onFieldBlur'\n\t\t\t\t\t\tdata-wp-class--has-value='state.hasFieldValue'\n\t\t\t\t\t\tdata-wp-bind--aria-invalid='state.fieldHasErrors'\n\t\t\t\t\t\taria-errormessage='g1238-nachricht-textarea-error-message'\n\t\t\t\t\t\tclass='textarea  grunion-field'  required aria-required='true'><\/textarea>\n \n\t\t\t<div id=\"g1238-nachricht-textarea-error\" class=\"contact-form__input-error\" data-wp-class--has-errors=\"state.fieldHasErrors\">\n\t\t\t\t<span class=\"contact-form__warning-icon\">\n\t\t\t\t\t<svg width=\"16\" height=\"16\" viewBox=\"0 0 16 16\" fill=\"none\" xmlns=\"http:\/\/www.w3.org\/2000\/svg\">\n\t\t\t\t\t\t<path d=\"M8.50015 11.6402H7.50015V10.6402H8.50015V11.6402Z\" \/>\n\t\t\t\t\t\t<path d=\"M7.50015 9.64018H8.50015V6.30684H7.50015V9.64018Z\" \/>\n\t\t\t\t\t\t<path fill-rule=\"evenodd\" clip-rule=\"evenodd\" d=\"M6.98331 3.0947C7.42933 2.30177 8.57096 2.30177 9.01698 3.09469L13.8771 11.7349C14.3145 12.5126 13.7525 13.4735 12.8602 13.4735H3.14004C2.24774 13.4735 1.68575 12.5126 2.12321 11.7349L6.98331 3.0947ZM8.14541 3.58496C8.08169 3.47168 7.9186 3.47168 7.85488 3.58496L2.99478 12.2251C2.93229 12.3362 3.01257 12.4735 3.14004 12.4735H12.8602C12.9877 12.4735 13.068 12.3362 13.0055 12.2251L8.14541 3.58496Z\" \/>\n\t\t\t\t\t<\/svg>\n\t\t\t\t\t<span class=\"visually-hidden\">Warnung<\/span>\n\t\t\t\t<\/span>\n\t\t\t\t<span data-wp-text=\"state.errorMessage\" id=\"g1238-nachricht-textarea-error-message\" role=\"alert\" aria-live=\"assertive\"><\/span>\n\t\t\t<\/div>\n\t<\/div>\n\t<p class='contact-submit'>\n<div class=\"contact-form__error\" data-wp-class--show-errors=\"state.showFormErrors\"><span class=\"contact-form__warning-icon\"><span class=\"visually-hidden\">Warnung.<\/span><i aria-hidden=\"true\"><\/i><\/span>\n\t\t\t\t<span data-wp-text=\"state.getFormErrorMessage\"><\/span>\n\t\t\t\t<ul>\n\t\t\t\t<template data-wp-each=\"state.getErrorList\" data-wp-key=\"context.item.id\">\n\t\t\t\t\t<li><a data-wp-bind--href=\"context.item.anchor\" data-wp-on--click=\"actions.scrollIntoView\" data-wp-text=\"context.item.label\"><\/a><\/li>\n\t\t\t\t<\/template>\n\t\t\t\t<\/ul><\/div><div class=\"contact-form__error\" data-wp-class--show-errors=\"state.showSubmissionError\" data-wp-text=\"context.submissionError\"><\/div>\t\t<button type='submit' class='pushbutton-wide'>Senden<\/button>\t\t<input type='hidden' name='contact-form-id' value='1238' \/>\n\t\t<input type='hidden' name='action' value='grunion-contact-form' \/>\n\t\t<input type='hidden' name='contact-form-hash' value='117effce598957f0d236752efdad7f09f066a72b' \/>\n\t<\/p>\n<p style=\"display: none !important;\" class=\"akismet-fields-container\" data-prefix=\"ak_\"><label>&#916;<textarea name=\"ak_hp_textarea\" cols=\"45\" rows=\"8\" maxlength=\"100\"><\/textarea><\/label><input type=\"hidden\" id=\"ak_js_1\" name=\"ak_js\" value=\"154\"\/><script>document.getElementById( \"ak_js_1\" ).setAttribute( \"value\", ( new Date() ).getTime() );<\/script><\/p><\/form>\n<\/div>\n","protected":false},"excerpt":{"rendered":"<p>Der neue Dorfkalender f\u00fcr das Jahr 2026 steht ab sofort hier zum download bereit. Hier klicken f\u00fcr den Kalender Januar bis Juni 2026 Hier klicken f\u00fcr den Kalender Juli bis Dezember 2026 Dorfkalender f\u00fcr dein Smartphone Es gibt den Dorfkalender auch als Link zum Abonnieren f\u00fcr dein Smartphone oder \u00e4hnliches. So bist du \u00fcberall auf [&hellip;]<\/p>\n","protected":false},"author":1,"featured_media":0,"parent":0,"menu_order":0,"comment_status":"closed","ping_status":"closed","template":"","meta":{"footnotes":""},"class_list":["post-1238","page","type-page","status-publish","hentry","post-preview"],"jetpack_sharing_enabled":true,"_links":{"self":[{"href":"https:\/\/preussisch-stroehen.de\/web\/wp-json\/wp\/v2\/pages\/1238","targetHints":{"allow":["GET"]}}],"collection":[{"href":"https:\/\/preussisch-stroehen.de\/web\/wp-json\/wp\/v2\/pages"}],"about":[{"href":"https:\/\/preussisch-stroehen.de\/web\/wp-json\/wp\/v2\/types\/page"}],"author":[{"embeddable":true,"href":"https:\/\/preussisch-stroehen.de\/web\/wp-json\/wp\/v2\/users\/1"}],"replies":[{"embeddable":true,"href":"https:\/\/preussisch-stroehen.de\/web\/wp-json\/wp\/v2\/comments?post=1238"}],"version-history":[{"count":41,"href":"https:\/\/preussisch-stroehen.de\/web\/wp-json\/wp\/v2\/pages\/1238\/revisions"}],"predecessor-version":[{"id":23006,"href":"https:\/\/preussisch-stroehen.de\/web\/wp-json\/wp\/v2\/pages\/1238\/revisions\/23006"}],"wp:attachment":[{"href":"https:\/\/preussisch-stroehen.de\/web\/wp-json\/wp\/v2\/media?parent=1238"}],"curies":[{"name":"wp","href":"https:\/\/api.w.org\/{rel}","templated":true}]}}