{"id":53,"date":"2016-08-21T12:32:52","date_gmt":"2016-08-21T10:32:52","guid":{"rendered":"http:\/\/preussisch-stroehen.de\/wp\/?page_id=53"},"modified":"2017-06-20T16:25:18","modified_gmt":"2017-06-20T14:25:18","slug":"bauen-und-wohnen","status":"publish","type":"page","link":"https:\/\/preussisch-stroehen.de\/web\/bauen-und-wohnen\/","title":{"rendered":"Bauen und Wohnen"},"content":{"rendered":"<p>Bauen und Wohnen in Preu\u00dfisch Str\u00f6hen ist auf verschiedensten Wege m\u00f6glich. Zum Beispiel gibt es das st\u00e4dtische Baugebiet &#8222;Hackelbarg&#8220;, das derzeit noch Baupl\u00e4tze aufweist. Fragen zu den st\u00e4dtischen Baugebieten gibt auf dem <a href=\"http:\/\/www.rahden.de\/WOHNEN-WIRTSCHAFT\/Wohnbaugebiete\">Internet-Angebot der Stadt Rahden.<\/a><\/p>\n<p>&nbsp;<br \/>\n<iframe loading=\"lazy\" style=\"border: 0;\" src=\"https:\/\/www.google.com\/maps\/embed?pb=!1m18!1m12!1m3!1d2428.879453553868!2d8.644236715355762!3d52.49942164550715!2m3!1f0!2f0!3f0!3m2!1i1024!2i768!4f13.1!3m3!1m2!1s0x47b0a58980e49be3%3A0x90407b0d1b06fda0!2sHackelbarg%2C+32369+Rahden!5e0!3m2!1sde!2sde!4v1497968673456\" allowfullscreen=\"allowfullscreen\" width=\"600\" height=\"450\" frameborder=\"0\"><\/iframe><\/p>\n<p>Wir m\u00f6chten hier auf Dauer auch m\u00f6gliche Leerst\u00e4nde anbieten. Dazu sind wir nat\u00fcrlich auf die Mithilfe der Leerstandsbesitzer angewiesen. Wenn ihr H\u00e4user oder Wohnungen in Pr. Str\u00f6hen habt, die wir anbieten sollen, nehmt bitte <a href=\"http:\/\/preussisch-stroehen.de\/wp\/kontakt\/\">Kontakt <\/a>mit uns auf.<\/p>\n<p>&nbsp;<\/p>\n<p>&nbsp;<\/p>\n<p>Auch bei weiteren Fragen, Anregungen oder Vorschl\u00e4gen scheut auch nicht <a href=\"http:\/\/preussisch-stroehen.de\/wp\/kontakt\/\">Kontakt <\/a>zu uns aufzunehmen.<\/p>\n","protected":false},"excerpt":{"rendered":"<p>Bauen und Wohnen in Preu\u00dfisch Str\u00f6hen ist auf verschiedensten Wege m\u00f6glich. Zum Beispiel gibt es das st\u00e4dtische Baugebiet &#8222;Hackelbarg&#8220;, das derzeit noch Baupl\u00e4tze aufweist. Fragen zu den st\u00e4dtischen Baugebieten gibt auf dem Internet-Angebot der Stadt Rahden. &nbsp; Wir m\u00f6chten hier auf Dauer auch m\u00f6gliche Leerst\u00e4nde anbieten. Dazu sind wir nat\u00fcrlich auf die Mithilfe der Leerstandsbesitzer [&hellip;]<\/p>\n","protected":false},"author":1,"featured_media":0,"parent":0,"menu_order":0,"comment_status":"closed","ping_status":"closed","template":"","meta":{"footnotes":""},"class_list":["post-53","page","type-page","status-publish","hentry","post-preview"],"jetpack_sharing_enabled":true,"_links":{"self":[{"href":"https:\/\/preussisch-stroehen.de\/web\/wp-json\/wp\/v2\/pages\/53","targetHints":{"allow":["GET"]}}],"collection":[{"href":"https:\/\/preussisch-stroehen.de\/web\/wp-json\/wp\/v2\/pages"}],"about":[{"href":"https:\/\/preussisch-stroehen.de\/web\/wp-json\/wp\/v2\/types\/page"}],"author":[{"embeddable":true,"href":"https:\/\/preussisch-stroehen.de\/web\/wp-json\/wp\/v2\/users\/1"}],"replies":[{"embeddable":true,"href":"https:\/\/preussisch-stroehen.de\/web\/wp-json\/wp\/v2\/comments?post=53"}],"version-history":[{"count":4,"href":"https:\/\/preussisch-stroehen.de\/web\/wp-json\/wp\/v2\/pages\/53\/revisions"}],"predecessor-version":[{"id":791,"href":"https:\/\/preussisch-stroehen.de\/web\/wp-json\/wp\/v2\/pages\/53\/revisions\/791"}],"wp:attachment":[{"href":"https:\/\/preussisch-stroehen.de\/web\/wp-json\/wp\/v2\/media?parent=53"}],"curies":[{"name":"wp","href":"https:\/\/api.w.org\/{rel}","templated":true}]}}