{"id":61,"date":"2016-08-21T12:35:30","date_gmt":"2016-08-21T10:35:30","guid":{"rendered":"http:\/\/preussisch-stroehen.de\/wp\/?page_id=61"},"modified":"2017-01-11T21:11:07","modified_gmt":"2017-01-11T20:11:07","slug":"ortsinfos","status":"publish","type":"page","link":"https:\/\/preussisch-stroehen.de\/web\/ortsinfos\/","title":{"rendered":"Ortsinfos"},"content":{"rendered":"<div id=\"content\">\n<div id=\"bodyContent\">\n<p>Preu\u00dfisch Str\u00f6hen ist die n\u00f6rdlichste Ortschaft Nordrhein-Westfalens. Es liegt im Norddeutschen Tiefland, genauer gesagt an der Grenze von der <a class=\"extiw\" title=\"wp:Rahden-Diepenauer Geest\" href=\"http:\/\/de.wikipedia.org\/wiki\/Rahden-Diepenauer_Geest\">Rahden-Diepenauer Geest<\/a> und <a class=\"extiw\" title=\"wp:Diepholzer Moorniederung\" href=\"http:\/\/de.wikipedia.org\/wiki\/Diepholzer_Moorniederung\">Diepholzer Moorniederung<\/a>.<\/p>\n<div id=\"content\">\n<div id=\"bodyContent\">\n<p><b>Preu\u00dfisch Str\u00f6hen<\/b> ist ein Ortsteil der Stadt <a class=\"extiw\" title=\"wp:Rahden\" href=\"http:\/\/de.wikipedia.org\/wiki\/Rahden\">Rahden<\/a> im \u00e4u\u00dfersten Norden von <a class=\"extiw\" title=\"wp:Nordrhein-Westfalen\" href=\"http:\/\/de.wikipedia.org\/wiki\/Nordrhein-Westfalen\">Nordrhein-Westfalen<\/a> zwischen <a class=\"extiw\" title=\"wp:Bielefeld\" href=\"http:\/\/de.wikipedia.org\/wiki\/Bielefeld\">Bielefeld<\/a> und <a class=\"extiw\" title=\"wp:Bremen\" href=\"http:\/\/de.wikipedia.org\/wiki\/Bremen\">Bremen<\/a>. Preu\u00dfisch Str\u00f6hen geh\u00f6rt zum <a class=\"extiw\" title=\"wp:Kreis Minden-L\u00fcbbecke\" href=\"http:\/\/de.wikipedia.org\/wiki\/Kreis_Minden-L%C3%BCbbecke\">Kreis Minden-L\u00fcbbecke<\/a> in <a class=\"extiw\" title=\"wp:Ostwestfalen-Lippe\" href=\"http:\/\/de.wikipedia.org\/wiki\/Ostwestfalen-Lippe\">Ostwestfalen-Lippe<\/a>.<\/p>\n<\/div>\n<p>&nbsp;<\/p>\n<div id=\"bodyContent\"><iframe loading=\"lazy\" style=\"border: 0;\" src=\"https:\/\/www.google.com\/maps\/embed?pb=!1m18!1m12!1m3!1d32687.35820128645!2d8.624756185142802!3d52.488144130307404!2m3!1f0!2f0!3f0!3m2!1i1024!2i768!4f13.1!3m3!1m2!1s0x47b0a58bfc496a9b%3A0xa27f283dc28f6a0!2sPreu%C3%9Fisch+Str%C3%B6hen%2C+32369+Rahden!5e0!3m2!1sde!2sde!4v1484165340227\" allowfullscreen=\"allowfullscreen\" height=\"450\" frameborder=\"0\" width=\"600\"><\/iframe><\/div>\n<div>&nbsp;<\/div>\n<div>\n<hr>\n<div class=\"wrapper\">\n<div class=\"links\">\n<div class=\"inhalt\">\n<div class=\"text\">\n<div>\n<div>\n<blockquote><p>Str\u00f6hen taucht in der urspr\u00fcnglichen Schreibform \u203aStroden\u2039 erstmals 1080\/1088 in einer Urkunde der Diepholzer Edelfrau Gisela (Gysla) als Benennung des hier gelegenen Aue-Bruchwaldgebietes auf. W\u00e4hrend der flussabw\u00e4rts gelegene \u203aNeddern Stroden\u2039 mit der Grafschaft Diepholz als \u203aStr\u00f6hen\u2039 an Hannover kommt, wird der alte \u203aObern Stroden\u2039 im Westf\u00e4lischen Frieden von 1648 mit dem Bistum Minden Kurbrandenburg zugeschlagen und hei\u00dft Strohden oder Str\u00f6hen, seit hundert Jahren \u203aPreu\u00dfisch Str\u00f6hen\u2039. 1842 wird es eine Kommunalgemeinde im Amtsbereich Rahden, 1847 ev.-luth. Kirchengemeinde im Kirchenkreis L\u00fcbbecke.<\/p>\n<p>Mit der Gebietsneuordnung von 1973 sind sieben D\u00f6rfer zur Stadt Rahden vereinigt worden. Preu\u00dfisch Str\u00f6hen dehnt sich mit seinen Ortsteilen auf \u00fcber 35 Quadratkilometern aus. Es ist damit ein \u00e4hnlich weitl\u00e4ufiges Fl\u00e4chendorf wie die benachbarten nieders\u00e4chsischen Ortschaften Str\u00f6hen und Wagenfeld. Sie geh\u00f6ren zu den Niederungs- und ehemaligen Moor- und Heidegebieten an Hunte und Gro\u00dfer Aue, die beide zur Weser entw\u00e4ssern.<\/p>\n<p>Flussl\u00e4ufe der Gro\u00dfen Wieckriede, der Kleinen Aue und des Gro\u00dfen Diecks durchziehen alle Ortsteile und m\u00fcnden noch vor der Landesgrenze in die Gro\u00dfe Aue. Ein gepflegtes Netz von Wegen, Orts- und \u00fcbergeordneten Stra\u00dfen, von Birken oder Eichen ges\u00e4umt, macht jedes Haus, jeden Betrieb erreichbar.<\/p>\n<p>In den westlichen Ortsteilen kann man die Blicke beeindruckend weit schweifen lassen bis hin zum fernen Stemweder Berg im D\u00fcmmerland. In den mittleren und \u00f6stlichen Ortsteilen, also \u00f6stlich der B 239 und der Bahnstrecke B\u00fcnde-Bassum, befindet man sich in einer park\u00e4hnlich erhaltenen Landschaft mit uralten Feldgeh\u00f6lzen, Bruchw\u00e4ldchen, Baumgruppen und j\u00fcngeren Renaturierungsgebieten. Immer noch sichtbar ist in mehreren F\u00e4llen die alte siedlungsgeschichtliche Form der Doppelhofbildung, wie sie in der hiesigen Region sonst kaum vorkommt.<\/p>\n<p>Auf den ersten Blick bereits ist Preu\u00dfisch Str\u00f6hen landwirtschaftlich gepr\u00e4gt. Nebenerwerbsbetriebe und eine Reihe von Vollerwerbsbetrieben, die zunehmend kooperieren, bilden wichtige Erwerbsgrundlagen. Die Erzeugung von Solarenergie und Biogas sind neueste Entwicklungen. Aber auch die Pferdezucht zeigt sich auf den Weiden des Reiterdorfes Preu\u00dfisch Str\u00f6hen. In Str\u00f6hen leben rund 2.100 Str\u00f6herinnen und Str\u00f6her.<\/p>\n<p>Auf vielen Gebieten engagiert zeigt sich die Ev.-luth. Kirchengemeinde Preu\u00dfisch Str\u00f6hen. Neben den unterschiedlichsten gemeindlichen Kreisen und Ch\u00f6ren stellt sie ihren Gemeindesaal und die denkmalgesch\u00fctzte neugotische Kirche f\u00fcr \u00f6ffentliche Belange zur Verf\u00fcgung. Im 150. Gr\u00fcndungsjahr gab die Kirchengemeinde 1997 ein auch in wissenschaftlichen Kreisen beachtetes Buch mit Beitr\u00e4gen zur Geschichte Preu\u00dfisch Str\u00f6hens heraus.<\/p>\n<p>\u00dcber ein Dutzend Vereine, teilweise mit Mitgliederst\u00e4rken von \u00fcber 600 Personen, sind aktiv und untermauern die Dorfgemeinschaft. Eine Besonderheit ist, dass Vereine und Gemeindegremien nach dem \u203aPreu\u00dfisch Str\u00f6her Modell von 1975\u2039 einen Sitz im Erweiterten Vorstand der Heimatfreunde haben. Dieses Gremium, bei Bedarf einberufen, kann f\u00fcr gute Information und Aufgabenverteilung sorgen. Die Dorfgemeinschaft errang 1979 die Bundes-Goldmedaille.<\/p>\n<p>Eingeweiht wurde das Gotteshaus am 3. August 1857. Auf Wunsch des Preu\u00dfischen K\u00f6nigs Friedrich Wilhelm IV. erhielt es den Namen \u203aImmanuelkirche\u2039. Seit 2005 ist die denkmalgesch\u00fctzte, neugotische Backsteinkirche in die Listen der Radfahrerkirchen und der Offenen Kirchen aufgenommen, man kann sie also t\u00e4glich aufsuchen. Das Innere ist lichtdurchflutet und beeindruckt seit den umfangreichen Renovierungen in 1976 mit seinem Gest\u00fchl in Natureiche, seinem neuklassizistischen Chorbereich und einer wertvollen Orgel von Schuke-Berlin.<\/p>\n<p>Der n\u00f6rdlichste Punkt des Landes Nordrhein-Westfalen befindet sich in der Ortschaft Preu\u00dfisch Str\u00f6hen. Er liegt 52 Grad 32 Minuten n\u00f6rdlicher Breite und etwa 8 Grad 39 Minuten \u00f6stlicher L\u00e4nge. Der NRW-Nordpunkt ist ein beliebtes Ziel f\u00fcr Tagestouren, vor allem Radfahrergruppen sowie Skater besuchen gerne den Nordpunkt. Er bietet neben einer Sitzgruppe, einer Informationstafel, einem Kunstwerk und einem Steintisch in der Form des Landes Nordrhein-Westfalen noch einen vielseitig nutzbaren Mehrzweckraum mit sanit\u00e4rer Anlage, der auf Anmeldung ge\u00f6ffnet wird.<\/p>\n<p>Quelle: <a href=\"http:\/\/www.rahden.de\/index.php?NavID=2375.53\">www.rahden.de <\/a><\/p><\/blockquote>\n<\/div>\n<\/div>\n<\/div>\n<\/div>\n<\/div>\n<\/div>\n<\/div>\n<\/div>\n<p>&nbsp;<\/p>\n<\/div>\n<\/div>\n","protected":false},"excerpt":{"rendered":"<p>Preu\u00dfisch Str\u00f6hen ist die n\u00f6rdlichste Ortschaft Nordrhein-Westfalens. Es liegt im Norddeutschen Tiefland, genauer gesagt an der Grenze von der Rahden-Diepenauer Geest und Diepholzer Moorniederung. Preu\u00dfisch Str\u00f6hen ist ein Ortsteil der Stadt Rahden im \u00e4u\u00dfersten Norden von Nordrhein-Westfalen zwischen Bielefeld und Bremen. Preu\u00dfisch Str\u00f6hen geh\u00f6rt zum Kreis Minden-L\u00fcbbecke in Ostwestfalen-Lippe. &nbsp; &nbsp; Str\u00f6hen taucht in der [&hellip;]<\/p>\n","protected":false},"author":1,"featured_media":0,"parent":0,"menu_order":0,"comment_status":"closed","ping_status":"closed","template":"","meta":{"footnotes":""},"class_list":["post-61","page","type-page","status-publish","hentry","post-preview"],"jetpack_sharing_enabled":true,"_links":{"self":[{"href":"https:\/\/preussisch-stroehen.de\/web\/wp-json\/wp\/v2\/pages\/61","targetHints":{"allow":["GET"]}}],"collection":[{"href":"https:\/\/preussisch-stroehen.de\/web\/wp-json\/wp\/v2\/pages"}],"about":[{"href":"https:\/\/preussisch-stroehen.de\/web\/wp-json\/wp\/v2\/types\/page"}],"author":[{"embeddable":true,"href":"https:\/\/preussisch-stroehen.de\/web\/wp-json\/wp\/v2\/users\/1"}],"replies":[{"embeddable":true,"href":"https:\/\/preussisch-stroehen.de\/web\/wp-json\/wp\/v2\/comments?post=61"}],"version-history":[{"count":2,"href":"https:\/\/preussisch-stroehen.de\/web\/wp-json\/wp\/v2\/pages\/61\/revisions"}],"predecessor-version":[{"id":487,"href":"https:\/\/preussisch-stroehen.de\/web\/wp-json\/wp\/v2\/pages\/61\/revisions\/487"}],"wp:attachment":[{"href":"https:\/\/preussisch-stroehen.de\/web\/wp-json\/wp\/v2\/media?parent=61"}],"curies":[{"name":"wp","href":"https:\/\/api.w.org\/{rel}","templated":true}]}}