{"id":63,"date":"2016-08-21T12:35:58","date_gmt":"2016-08-21T10:35:58","guid":{"rendered":"http:\/\/preussisch-stroehen.de\/wp\/?page_id=63"},"modified":"2017-03-21T20:00:29","modified_gmt":"2017-03-21T19:00:29","slug":"tourismus","status":"publish","type":"page","link":"https:\/\/preussisch-stroehen.de\/web\/tourismus\/","title":{"rendered":"Tourismus"},"content":{"rendered":"<p>Es gibt verschiedene Tourismus- und Freizeitangebote in Preu\u00dfisch Str\u00f6hen.<\/p>\n<hr \/>\n<h4>NRW-Nordpunkt<\/h4>\n<p>Zu den bekanntesten Ausflugszielen geh\u00f6rt der NRW-Nordpunkt. Der Nordpunkt ist die n\u00f6rdlichste Grenze von Nordrhein-Westfalen zu Niedersachsen. Er liegt in einer reizvollen Landschaft von Wiesen, Feldern und W\u00e4ldern umgeben. Die Grenze der damaligen K\u00f6nigreiche Hannover und Preu\u00dfen wurde hier 1837 festgelegt. Durch die Idee der OWL-Marketinggesellschaft wurde dieser Grenzpunkt 2001 neu aus der Traufe gehoben. 2003 wurde aus \u00f6ffentlichen Mitteln und Sachspenden das Nordpunkthaus errichtet.<\/p>\n<p>Weitere Informationen gibt es auf den Seiten <a href=\"http:\/\/www.der-nordpunkt.de\">www.der-nordpunkt.de<\/a> oder unter dem Schlagwort <a href=\"https:\/\/preussisch-stroehen.de\/web\/tag\/nordpunkt\/\">#Nordpunkt<\/a><\/p>\n<hr \/>\n<h4>Pr. Str\u00f6her Umland<\/h4>\n<div id=\"content\">\n<div id=\"bodyContent\">\n<p>Die beschauliche Ortschaft Pr. Str\u00f6hen umfasst 35 km\u00b2, liegt an Flussniederungen und ist von der Landwirtschaft gepr\u00e4gt. \u00dcber 30 km kann man auf stillen Wegen bequem radeln und die Natur genie\u00dfen. Sehenswert ist die Immanuelkirche (1857 erbaut), sowie der Dorfkern von Pr. Str\u00f6hen. Bauerng\u00e4rten laden zum Verweilen, ebenso Betriebe, bei denen man Landwirtschaft hautnah erleben kann (z.B. beim Melken zusehen). Spezialit\u00e4ten aus Pr. Str\u00f6hen kann man in den urigen Gastwirtschaften erhalten, dazu z\u00e4hlen Pr. Str\u00f6her <a title=\"Pickert\" href=\"http:\/\/www.preussisch-stroehen.de\/wiki\/index.php?title=Pickert\">Pickert<\/a> oder <a class=\"mw-redirect\" title=\"Schwaaten\" href=\"http:\/\/www.preussisch-stroehen.de\/wiki\/index.php?title=Schwaaten\">Schwaaten<\/a> (Kaffee mit Korn).<\/p>\n<hr \/>\n<h4>Naturdenkm\u00e4ler<\/h4>\n<div id=\"content\">\n<div id=\"bodyContent\">\n<p>\u2022 <a title=\"Grenzwall\" href=\"http:\/\/www.preussisch-stroehen.de\/wiki\/index.php?title=Grenzwall\">Grenzwall<\/a><\/p>\n<div class=\"thumb tright\">\n<div class=\"thumbinner\">\n<p><a class=\"image\" href=\"http:\/\/www.preussisch-stroehen.de\/wiki\/index.php?title=Datei:Karls_moor.jpg\"><img loading=\"lazy\" decoding=\"async\" class=\"thumbimage\" src=\"http:\/\/www.preussisch-stroehen.de\/wiki\/images\/thumb\/e\/e8\/Karls_moor.jpg\/180px-Karls_moor.jpg\" alt=\"\" width=\"180\" height=\"135\" \/><\/a><\/p>\n<div class=\"thumbcaption\">\n<div class=\"magnify\"><a class=\"internal\" title=\"vergr\u00f6\u00dfern\" href=\"http:\/\/www.preussisch-stroehen.de\/wiki\/index.php?title=Datei:Karls_moor.jpg\"><img loading=\"lazy\" decoding=\"async\" src=\"http:\/\/www.preussisch-stroehen.de\/wiki\/skins\/common\/images\/magnify-clip.png\" alt=\"\" width=\"15\" height=\"11\" \/><\/a><\/div>\n<p>Karls Moor<\/p>\n<\/div>\n<\/div>\n<\/div>\n<p>\u2022 Das Naturschutzgebiet <a class=\"mw-redirect\" title=\"Karls Moor\" href=\"http:\/\/www.preussisch-stroehen.de\/wiki\/index.php?title=Karls_Moor\">Karls Moor<\/a> wurde bis in die f\u00fcnfziger Jahre abgetorft. Heute ist an dieser Stelle ein gro\u00dfer Teich und wichtiger Brutplatz f\u00fcr bedrohte Vogelarten.<\/p>\n<div class=\"thumb tright\">\n<div class=\"thumbinner\">\n<p><a class=\"image\" href=\"http:\/\/www.preussisch-stroehen.de\/wiki\/index.php?title=Datei:Renaturierung.jpg\"><img loading=\"lazy\" decoding=\"async\" class=\"thumbimage\" src=\"http:\/\/www.preussisch-stroehen.de\/wiki\/images\/thumb\/3\/39\/Renaturierung.jpg\/180px-Renaturierung.jpg\" alt=\"\" width=\"180\" height=\"135\" \/><\/a><\/p>\n<div class=\"thumbcaption\">\n<div class=\"magnify\"><a class=\"internal\" title=\"vergr\u00f6\u00dfern\" href=\"http:\/\/www.preussisch-stroehen.de\/wiki\/index.php?title=Datei:Renaturierung.jpg\"><img loading=\"lazy\" decoding=\"async\" src=\"http:\/\/www.preussisch-stroehen.de\/wiki\/skins\/common\/images\/magnify-clip.png\" alt=\"\" width=\"15\" height=\"11\" \/><\/a><\/div>\n<p>Auerenaturierung<\/p>\n<\/div>\n<\/div>\n<\/div>\n<p>\u2022 Die <a title=\"Gro\u00dfe Aue\" href=\"http:\/\/www.preussisch-stroehen.de\/wiki\/index.php?title=Gro%C3%9Fe_Aue\">Gro\u00dfe Aue<\/a> wurde Anfang der sechziger Jahre komplett begradigt, um weitere \u00dcberschwemmungen zu verhindern und zus\u00e4tzliche Ackerfl\u00e4che zu gewinnen. Ende der 1990er wurde an manchen Stellen des Flusses eine sogenannte <a title=\"Renaturierung\" href=\"http:\/\/www.preussisch-stroehen.de\/wiki\/index.php?title=Renaturierung\">Renaturierung<\/a> durchgef\u00fchrt, die den Fluss wieder ein sein langsamer flie\u00dfendes Bett geleitete und somit weiteren Lebensraum f\u00fcr unz\u00e4hlige Tier- und Pflanzenarten schaffte.<\/p>\n<div class=\"thumb tright\">\n<div class=\"thumbinner\">\n<p><a class=\"image\" href=\"http:\/\/www.preussisch-stroehen.de\/wiki\/index.php?title=Datei:Zwillaue.jpg\"><img loading=\"lazy\" decoding=\"async\" class=\"thumbimage\" src=\"http:\/\/www.preussisch-stroehen.de\/wiki\/images\/thumb\/b\/ba\/Zwillaue.jpg\/180px-Zwillaue.jpg\" alt=\"\" width=\"180\" height=\"122\" \/><\/a><\/p>\n<div class=\"thumbcaption\">\n<div class=\"magnify\"><a class=\"internal\" title=\"vergr\u00f6\u00dfern\" href=\"http:\/\/www.preussisch-stroehen.de\/wiki\/index.php?title=Datei:Zwillaue.jpg\"><img loading=\"lazy\" decoding=\"async\" src=\"http:\/\/www.preussisch-stroehen.de\/wiki\/skins\/common\/images\/magnify-clip.png\" alt=\"\" width=\"15\" height=\"11\" \/><\/a><\/div>\n<p>Der Auezusammenfluss am Speukebusch<\/p>\n<\/div>\n<\/div>\n<\/div>\n<p>\u2022 Pr. Str\u00f6hen ist von vielen Fl\u00fcssen durchzogen, die ineinander m\u00fcnden. Der bekannteste Zusammenfluss ist die <a title=\"Zwillaue\" href=\"http:\/\/www.preussisch-stroehen.de\/wiki\/index.php?title=Zwillaue\">Zwillaue<\/a>, am <a title=\"Speukebusch\" href=\"http:\/\/www.preussisch-stroehen.de\/wiki\/index.php?title=Speukebusch\">Speukebusch<\/a>, wo die <a title=\"Kleine Aue\" href=\"http:\/\/www.preussisch-stroehen.de\/wiki\/index.php?title=Kleine_Aue\">Kleine Aue<\/a> in die <a title=\"Gro\u00dfe Aue\" href=\"http:\/\/www.preussisch-stroehen.de\/wiki\/index.php?title=Gro%C3%9Fe_Aue\">Gro\u00dfe Aue<\/a> m\u00fcndet.<\/p>\n<hr \/>\n<h4>Tourismus und Freizeit in der Stadt Rahden<\/h4>\n<\/div>\n<p>\u00dcbergreifend verantwortlich f\u00fcr das gesamte Rahdener Stadtgebiet ist die Touristinfo der Stadt Rahden. Hier bekommen Sie weitere Informationen f\u00fcr Ihre Ausflugsideen.<\/p>\n<p><a href=\"http:\/\/www.rahden.de\/TOURISMUS-FREIZEIT\">Zu den Tourismus-Seiten der Stadt Rahden.<\/a><\/p>\n<\/div>\n<\/div>\n<\/div>\n<p>&nbsp;<\/p>\n<p>&nbsp;<\/p>\n<p>&nbsp;<\/p>\n","protected":false},"excerpt":{"rendered":"<p>Es gibt verschiedene Tourismus- und Freizeitangebote in Preu\u00dfisch Str\u00f6hen. NRW-Nordpunkt Zu den bekanntesten Ausflugszielen geh\u00f6rt der NRW-Nordpunkt. Der Nordpunkt ist die n\u00f6rdlichste Grenze von Nordrhein-Westfalen zu Niedersachsen. Er liegt in einer reizvollen Landschaft von Wiesen, Feldern und W\u00e4ldern umgeben. Die Grenze der damaligen K\u00f6nigreiche Hannover und Preu\u00dfen wurde hier 1837 festgelegt. Durch die Idee der [&hellip;]<\/p>\n","protected":false},"author":1,"featured_media":0,"parent":0,"menu_order":0,"comment_status":"closed","ping_status":"closed","template":"","meta":{"footnotes":""},"class_list":["post-63","page","type-page","status-publish","hentry","post-preview"],"jetpack_sharing_enabled":true,"_links":{"self":[{"href":"https:\/\/preussisch-stroehen.de\/web\/wp-json\/wp\/v2\/pages\/63","targetHints":{"allow":["GET"]}}],"collection":[{"href":"https:\/\/preussisch-stroehen.de\/web\/wp-json\/wp\/v2\/pages"}],"about":[{"href":"https:\/\/preussisch-stroehen.de\/web\/wp-json\/wp\/v2\/types\/page"}],"author":[{"embeddable":true,"href":"https:\/\/preussisch-stroehen.de\/web\/wp-json\/wp\/v2\/users\/1"}],"replies":[{"embeddable":true,"href":"https:\/\/preussisch-stroehen.de\/web\/wp-json\/wp\/v2\/comments?post=63"}],"version-history":[{"count":4,"href":"https:\/\/preussisch-stroehen.de\/web\/wp-json\/wp\/v2\/pages\/63\/revisions"}],"predecessor-version":[{"id":666,"href":"https:\/\/preussisch-stroehen.de\/web\/wp-json\/wp\/v2\/pages\/63\/revisions\/666"}],"wp:attachment":[{"href":"https:\/\/preussisch-stroehen.de\/web\/wp-json\/wp\/v2\/media?parent=63"}],"curies":[{"name":"wp","href":"https:\/\/api.w.org\/{rel}","templated":true}]}}