{"id":73,"date":"2016-08-21T12:44:54","date_gmt":"2016-08-21T10:44:54","guid":{"rendered":"http:\/\/preussisch-stroehen.de\/wp\/?page_id=73"},"modified":"2019-10-13T11:53:49","modified_gmt":"2019-10-13T11:53:49","slug":"aktuelles","status":"publish","type":"page","link":"https:\/\/preussisch-stroehen.de\/web\/aktuelles\/","title":{"rendered":"Aktuelles"},"content":{"rendered":"<p>Die akuellsten <a href=\"http:\/\/preussisch-stroehen.de\/web\/tag\/news\/\">Neuigkeiten <\/a>aus Preusisch Str\u00f6hen<\/p>\n<p>Informationen zu <a href=\"http:\/\/preussisch-stroehen.de\/web\/tag\/veranstaltungen\/\">Veranstaltungen <\/a>in Preu\u00dfisch Str\u00f6hen<\/p>\n<p><a href=\"http:\/\/preussisch-stroehen.de\/web\/preussisch-stroeher-dorfnews\/\">Pr. Str\u00f6her Dorfnews<\/a> per Whatsapp aufs Handy<\/p>\n\n\n<p><\/p>\n","protected":false},"excerpt":{"rendered":"<p>Die akuellsten Neuigkeiten aus Preusisch Str\u00f6hen Informationen zu Veranstaltungen in Preu\u00dfisch Str\u00f6hen Pr. Str\u00f6her Dorfnews per Whatsapp aufs Handy<\/p>\n","protected":false},"author":1,"featured_media":0,"parent":0,"menu_order":0,"comment_status":"closed","ping_status":"closed","template":"","meta":{"footnotes":""},"class_list":["post-73","page","type-page","status-publish","hentry","post-preview"],"jetpack_sharing_enabled":true,"_links":{"self":[{"href":"https:\/\/preussisch-stroehen.de\/web\/wp-json\/wp\/v2\/pages\/73","targetHints":{"allow":["GET"]}}],"collection":[{"href":"https:\/\/preussisch-stroehen.de\/web\/wp-json\/wp\/v2\/pages"}],"about":[{"href":"https:\/\/preussisch-stroehen.de\/web\/wp-json\/wp\/v2\/types\/page"}],"author":[{"embeddable":true,"href":"https:\/\/preussisch-stroehen.de\/web\/wp-json\/wp\/v2\/users\/1"}],"replies":[{"embeddable":true,"href":"https:\/\/preussisch-stroehen.de\/web\/wp-json\/wp\/v2\/comments?post=73"}],"version-history":[{"count":4,"href":"https:\/\/preussisch-stroehen.de\/web\/wp-json\/wp\/v2\/pages\/73\/revisions"}],"predecessor-version":[{"id":1940,"href":"https:\/\/preussisch-stroehen.de\/web\/wp-json\/wp\/v2\/pages\/73\/revisions\/1940"}],"wp:attachment":[{"href":"https:\/\/preussisch-stroehen.de\/web\/wp-json\/wp\/v2\/media?parent=73"}],"curies":[{"name":"wp","href":"https:\/\/api.w.org\/{rel}","templated":true}]}}