{"id":79,"date":"2016-08-21T12:46:29","date_gmt":"2016-08-21T10:46:29","guid":{"rendered":"http:\/\/preussisch-stroehen.de\/wp\/?page_id=79"},"modified":"2018-05-22T21:37:46","modified_gmt":"2018-05-22T19:37:46","slug":"impressum","status":"publish","type":"page","link":"https:\/\/preussisch-stroehen.de\/web\/impressum\/","title":{"rendered":"Impressum"},"content":{"rendered":"<p><strong>Administratoren<\/strong><\/p>\n<p>Timo Buschendorf<br \/>\nPreu\u00dfisch Str\u00f6her Allee 38<br \/>\n32369 Rahden-Pr. Str\u00f6hen<br \/>\nbuschendorf@preussisch-stroehen.de<\/p>\n<p>Hendrik Schierenbeck<br \/>\nBruchm\u00fchlenstr. 8<br \/>\n32369 Rahden-Pr.Str\u00f6hen<br \/>\nschierenbeck@preussisch-stroehen.de<\/p>\n<p>Christoph Rahe<br \/>\nAm Str\u00f6her Bahnhof 14<br \/>\n32369 Rahden-Pr. Str\u00f6hen<br \/>\nrahe@preussisch-stroehen.de<\/p>\n<p>SSV-Seiten:<br \/>\nRalf B\u00f6hne<br \/>\nAm Speukebusch 27<br \/>\n32369 Rahden-Pr.Str\u00f6hen<br \/>\nralfboehne@t-online.de<\/p>\n<p><strong>Domaininhaber<\/strong><\/p>\n<p>Heimatfreunde Preu\u00dfisch Str\u00f6hen e.V.<br \/>\nBernard Wietelmann<br \/>\nDalgeweg 13<br \/>\n32369 Rahden<\/p>\n<p><strong>Haftung f\u00fcr diese Website<br \/>\n<\/strong><br \/>\nDie Ver\u00e4nderung dieser Website bleibt den Webmastern vorbehalten. Ver\u00e4nderung k\u00f6nnen ohne Ank\u00fcndigungen erfolgen. Wir \u00fcbernehmen keine Haftung f\u00fcr Fehler, die diese Website enthalten kann. Das Nutzen unserer Angebote und Dienste erfolgt auf ihre eigene Verantwortung.<\/p>\n<p><strong>Rechtlicher Hinweis<\/strong><\/p>\n<p>F\u00fcr die von dieser Website verweisenden Seiten \u00fcbernehmen wir keinerlei Haftung. Dies gilt vor Allem daf\u00fcr, ob die gesetzlichen Bestimmungen dort eingehalten werden.<br \/>\nHaftungshinweis: Wir distanzieren uns hiermit von den Inhalten externer Links, die von dieser Webpr\u00e4sens verweisen. F\u00fcr den Inhalt sind nur deren Betreiber verantwortlich.<br \/>\nWir kontrollieren die Seiten, auf die wir verweisen. Seiteninhalten k\u00f6nnen sich jedoch \u00e4ndern.<br \/>\nWir w\u00fcrden ihnen sehr dankbar sein, wenn sie uns zweifelhafte Inhalte auf den Seiten, auf die wir verweisen, mitteilen.<br \/>\nMit Urteil vom 12. Mai 1998, &#8222;Haftung f\u00fcr Links&#8220;, hat das Landgericht Hamburg entschieden, dass man durch das Einf\u00fcgen eines Links die Inhalte der verlinkten Seite gegebenenfalls mit zu verantworten hat. Dies kann nur dadurch verhindert werden, indem man sich ausdr\u00fccklich von diesen Inhalten distanziert. Die Webmaster distanzieren sich hiermit ausdr\u00fccklich von s\u00e4mtlichen Inhalten aller verlinkten Seiten auf dieser Website<\/p>\n<p>Datenschutz<\/p>\n<p><a href=\"http:\/\/preussisch-stroehen.de\/wp\/datenschutz\/\">Bitte beachten Sie unsere Datenschutz-Bestimmungen<\/a><\/p>\n","protected":false},"excerpt":{"rendered":"<p>Administratoren Timo Buschendorf Preu\u00dfisch Str\u00f6her Allee 38 32369 Rahden-Pr. Str\u00f6hen buschendorf@preussisch-stroehen.de Hendrik Schierenbeck Bruchm\u00fchlenstr. 8 32369 Rahden-Pr.Str\u00f6hen schierenbeck@preussisch-stroehen.de Christoph Rahe Am Str\u00f6her Bahnhof 14 32369 Rahden-Pr. Str\u00f6hen rahe@preussisch-stroehen.de SSV-Seiten: Ralf B\u00f6hne Am Speukebusch 27 32369 Rahden-Pr.Str\u00f6hen ralfboehne@t-online.de Domaininhaber Heimatfreunde Preu\u00dfisch Str\u00f6hen e.V. Bernard Wietelmann Dalgeweg 13 32369 Rahden Haftung f\u00fcr diese Website Die Ver\u00e4nderung dieser [&hellip;]<\/p>\n","protected":false},"author":1,"featured_media":0,"parent":0,"menu_order":0,"comment_status":"closed","ping_status":"closed","template":"","meta":{"footnotes":""},"class_list":["post-79","page","type-page","status-publish","hentry","post-preview"],"jetpack_sharing_enabled":false,"_links":{"self":[{"href":"https:\/\/preussisch-stroehen.de\/web\/wp-json\/wp\/v2\/pages\/79","targetHints":{"allow":["GET"]}}],"collection":[{"href":"https:\/\/preussisch-stroehen.de\/web\/wp-json\/wp\/v2\/pages"}],"about":[{"href":"https:\/\/preussisch-stroehen.de\/web\/wp-json\/wp\/v2\/types\/page"}],"author":[{"embeddable":true,"href":"https:\/\/preussisch-stroehen.de\/web\/wp-json\/wp\/v2\/users\/1"}],"replies":[{"embeddable":true,"href":"https:\/\/preussisch-stroehen.de\/web\/wp-json\/wp\/v2\/comments?post=79"}],"version-history":[{"count":5,"href":"https:\/\/preussisch-stroehen.de\/web\/wp-json\/wp\/v2\/pages\/79\/revisions"}],"predecessor-version":[{"id":1437,"href":"https:\/\/preussisch-stroehen.de\/web\/wp-json\/wp\/v2\/pages\/79\/revisions\/1437"}],"wp:attachment":[{"href":"https:\/\/preussisch-stroehen.de\/web\/wp-json\/wp\/v2\/media?parent=79"}],"curies":[{"name":"wp","href":"https:\/\/api.w.org\/{rel}","templated":true}]}}